{"id":6,"date":"2016-07-28T09:31:28","date_gmt":"2016-07-28T07:31:28","guid":{"rendered":"https:\/\/mobility.optimum-automotive.com\/?page_id=6"},"modified":"2023-10-18T14:11:11","modified_gmt":"2023-10-18T12:11:11","slug":"contact","status":"publish","type":"page","link":"https:\/\/securipack.co\/pt\/contact\/","title":{"rendered":"Contato"},"content":{"rendered":"<section class=\"wp-block-uagb-columns uagb-columns__wrap uagb-columns__background-image uagb-columns__stack-mobile uagb-columns__valign-undefined uagb-columns__gap-10 alignfull uagb-block-ae1bbf2d dark\"><div class=\"uagb-columns__overlay\"><\/div><div class=\"uagb-columns__inner-wrap uagb-columns__columns-1\">\n<div class=\"wp-block-uagb-column uagb-column__wrap uagb-column__background-undefined uagb-block-5598a5bf container\"><div class=\"uagb-column__overlay\"><\/div><div class=\"uagb-column__inner-wrap\">\n<section class=\"wp-block-uagb-columns uagb-columns__wrap uagb-columns__background-undefined uagb-columns__stack-mobile uagb-columns__valign-undefined uagb-columns__gap-10 alignundefined uagb-block-745af593\"><div class=\"uagb-columns__overlay\"><\/div><div class=\"uagb-columns__inner-wrap uagb-columns__columns-2\">\n<div class=\"wp-block-uagb-column uagb-column__wrap uagb-column__background-undefined uagb-block-339cc25d\"><div class=\"uagb-column__overlay\"><\/div><div class=\"uagb-column__inner-wrap\">\n<h1 class=\"has-text-align-left mb-10 wp-block-heading\"><span style=\"color:#ffffff\" class=\"has-inline-color\">BENEFICIAR DE UM ESTUDO <\/span><br><span style=\"color:#ffffff\" class=\"has-inline-color\">LIVRE E PERSONALIZADO<\/span><\/h1>\n<\/div><\/div>\n\n\n\n<div class=\"wp-block-uagb-column uagb-column__wrap uagb-column__background-undefined uagb-block-ce120020\"><div class=\"uagb-column__overlay\"><\/div><div class=\"uagb-column__inner-wrap\"><\/div><\/div>\n<\/div><\/section>\n<\/div><\/div>\n<\/div><\/section>\n\n\n\n<section class=\"wp-block-uagb-columns uagb-columns__wrap uagb-columns__background-color uagb-columns__stack-mobile uagb-columns__valign-undefined uagb-columns__gap-10 alignfull uagb-block-dc23cef3\"><div class=\"uagb-columns__overlay\"><\/div><div class=\"uagb-columns__inner-wrap uagb-columns__columns-1\">\n<div class=\"wp-block-uagb-column uagb-column__wrap uagb-column__background-color uagb-block-e40c6f03\"><div class=\"uagb-column__overlay\"><\/div><div class=\"uagb-column__inner-wrap\">\n<section class=\"wp-block-uagb-columns uagb-columns__wrap uagb-columns__background-undefined uagb-columns__stack-mobile uagb-columns__valign-undefined uagb-columns__gap-0 alignundefined uagb-block-98e9fbd8\" id=\"container\"><div class=\"uagb-columns__overlay\"><\/div><div class=\"uagb-columns__inner-wrap uagb-columns__columns-1\">\n<div class=\"wp-block-uagb-column uagb-column__wrap uagb-column__background-undefined uagb-block-bd6f83c0 container\"><div class=\"uagb-column__overlay\"><\/div><div class=\"uagb-column__inner-wrap\">\n<div class=\"wp-block-columns mb-0 p-0 is-layout-flex wp-container-core-columns-layout-1 wp-block-columns-is-layout-flex\">\n<div class=\"wp-block-column is-layout-flow wp-block-column-is-layout-flow\" style=\"flex-basis:70%\">\n<h4 class=\"p-0 has-medium-font-size wp-block-heading\"><strong><span class=\"has-inline-color has-dark-color\">Para obter uma cita\u00e7\u00e3o<\/span><\/strong>, <strong>por favor preencha o formul\u00e1rio abaixo&nbsp;<\/strong><\/h4>\n<\/div>\n\n\n\n<div class=\"wp-block-column is-layout-flow wp-block-column-is-layout-flow\" style=\"flex-basis:50%\"><\/div>\n<\/div>\n<\/div><\/div>\n<\/div><\/section>\n<\/div><\/div>\n<\/div><\/section>\n\n\n\n<section class=\"wp-block-uagb-columns uagb-columns__wrap uagb-columns__background-color uagb-columns__stack-mobile uagb-columns__valign-undefined uagb-columns__gap-10 alignfull uagb-block-c2c0260b pb-0\"><div class=\"uagb-columns__overlay\"><\/div><div class=\"uagb-columns__inner-wrap uagb-columns__columns-1\">\n<div class=\"wp-block-uagb-column uagb-column__wrap uagb-column__background-color uagb-block-33a487e1 pb-0\"><div class=\"uagb-column__overlay\"><\/div><div class=\"uagb-column__inner-wrap\">\n<div style=\"height:5px\" aria-hidden=\"true\" class=\"wp-block-spacer pb-0\"><\/div>\n<\/div><\/div>\n<\/div><\/section>\n\n\n\n<section class=\"wp-block-uagb-columns uagb-columns__wrap uagb-columns__background-undefined uagb-columns__stack-tablet uagb-columns__valign-undefined uagb-columns__gap-20 alignundefined uagb-block-2b281e23 mt-0\"><div class=\"uagb-columns__overlay\"><\/div><div class=\"uagb-columns__inner-wrap uagb-columns__columns-2\">\n<div class=\"wp-block-uagb-column uagb-column__wrap uagb-column__background-undefined uagb-block-59f0a8fc\"><div class=\"uagb-column__overlay\"><\/div><div class=\"uagb-column__inner-wrap\">\n<p><\/p>\n\n\n<div class=\"wpforms-container wpforms-container-full\" id=\"wpforms-215\"><form id=\"wpforms-form-215\" class=\"wpforms-validate wpforms-form wpforms-ajax-form\" data-formid=\"215\" method=\"post\" enctype=\"multipart\/form-data\" action=\"\/pt\/wp-json\/wp\/v2\/pages\/6\" data-token=\"43bdc2c11cb70485a4aaf2a5b5d689a0\" data-trp-original-action=\"\/pt\/wp-json\/wp\/v2\/pages\/6\"><noscript class=\"wpforms-error-noscript\">Active o JavaScript no seu browser para preencher este formul\u00e1rio.<\/noscript><div class=\"wpforms-field-container\"><div id=\"wpforms-215-field_0-container\" class=\"wpforms-field wpforms-field-name\" data-field-id=\"0\"><label class=\"wpforms-field-label\" for=\"wpforms-215-field_0\">Nome <span class=\"wpforms-required-label\">*<\/span><\/label><div class=\"wpforms-field-row wpforms-field-large\"><div class=\"wpforms-field-row-block wpforms-first wpforms-one-half\"><input type=\"text\" id=\"wpforms-215-field_0\" class=\"wpforms-field-name-first wpforms-field-required\" name=\"wpforms[fields][0][first]\" required><label for=\"wpforms-215-field_0\" class=\"wpforms-field-sublabel after\">Primeiro<\/label><\/div><div class=\"wpforms-field-row-block wpforms-one-half\"><input type=\"text\" id=\"wpforms-215-field_0-last\" class=\"wpforms-field-name-last wpforms-field-required\" name=\"wpforms[fields][0][last]\" required><label for=\"wpforms-215-field_0-last\" class=\"wpforms-field-sublabel after\">\u00daltimo<\/label><\/div><\/div><\/div><div id=\"wpforms-215-field_1-container\" class=\"wpforms-field wpforms-field-email wpforms-one-half wpforms-first\" data-field-id=\"1\"><label class=\"wpforms-field-label\" for=\"wpforms-215-field_1\">Endere\u00e7o de e-mail de contacto <span class=\"wpforms-required-label\">*<\/span><\/label><input type=\"email\" id=\"wpforms-215-field_1\" class=\"wpforms-field-large wpforms-field-required\" name=\"wpforms[fields][1]\" spellcheck=\"false\" required><\/div><div id=\"wpforms-215-field_5-container\" class=\"wpforms-field wpforms-field-text wpforms-one-half\" data-field-id=\"5\"><label class=\"wpforms-field-label\" for=\"wpforms-215-field_5\">Telefone <span class=\"wpforms-required-label\">*<\/span><\/label><input type=\"text\" id=\"wpforms-215-field_5\" class=\"wpforms-field-large wpforms-field-required\" name=\"wpforms[fields][5]\" required><\/div><div id=\"wpforms-215-field_12-container\" class=\"wpforms-field wpforms-field-text wpforms-one-half wpforms-first\" data-field-id=\"12\"><label class=\"wpforms-field-label\" for=\"wpforms-215-field_12\">Nome da empresa : <span class=\"wpforms-required-label\">*<\/span><\/label><input type=\"text\" id=\"wpforms-215-field_12\" class=\"wpforms-field-large wpforms-field-required\" name=\"wpforms[fields][12]\" required><\/div><div id=\"wpforms-215-field_14-container\" class=\"wpforms-field wpforms-field-select wpforms-one-half wpforms-field-select-style-classic\" data-field-id=\"14\"><label class=\"wpforms-field-label\" for=\"wpforms-215-field_14\">O tamanho da sua frota de carros? <span class=\"wpforms-required-label\">*<\/span><\/label><select id=\"wpforms-215-field_14\" class=\"wpforms-field-large wpforms-field-required\" name=\"wpforms[fields][14]\" required=\"required\"><option value=\"10 \u00e0 50 v\u00e9hicules\" >10 a 50 ve\u00edculos<\/option><option value=\"51 \u00e0 100\" >51 \u00e0 100<\/option><option value=\"101 \u00e0 500\" >101 \u00e0 500<\/option><option value=\"500 et plus\" >500 e mais<\/option><\/select><\/div><div id=\"wpforms-215-field_2-container\" class=\"wpforms-field wpforms-field-textarea\" data-field-id=\"2\"><label class=\"wpforms-field-label\" for=\"wpforms-215-field_2\">A sua mensagem<\/label><textarea id=\"wpforms-215-field_2\" class=\"wpforms-field-medium\" name=\"wpforms[fields][2]\" ><\/textarea><\/div><div id=\"wpforms-215-field_4-container\" class=\"wpforms-field wpforms-field-gdpr-checkbox\" data-field-id=\"4\"><label class=\"wpforms-field-label\" for=\"wpforms-215-field_4\"> Campos obrigat\u00f3rios <span class=\"wpforms-required-label\">*<\/span><\/label><ul id=\"wpforms-215-field_4\" class=\"wpforms-field-required\"><li class=\"choice-1\"><input type=\"checkbox\" id=\"wpforms-215-field_4_1\" name=\"wpforms[fields][4][]\" value=\"&lt;strong&gt;RGPD : R\u00e8glement g\u00e9n\u00e9ral sur la protection des donn\u00e9es.&lt;\/strong&gt;&lt;br\/&gt;En cochant cette case, vous reconnaissez avoir pris connaissance et accept\u00e9 les &lt;a href=&quot;https:\/\/securipack.co\/conditions-generales-dutilisations\/&quot;&gt;conditions g\u00e9n\u00e9rales d&#039;utilisation du site.&lt;\/a&gt;\" required><label class=\"wpforms-field-label-inline\" for=\"wpforms-215-field_4_1\"><strong>GDPR: Regulamento Geral de Protec\u00e7\u00e3o de Dados.<\/strong><br \/>Ao marcar esta caixa, voc\u00ea reconhece que leu e aceitou o <a href=\"https:\/\/securipack.co\/pt\/conditions-generales-dutilisations\/\">termos e condi\u00e7\u00f5es gerais de utiliza\u00e7\u00e3o do site.<\/a><\/label><\/li><\/ul><\/div><div id=\"wpforms-215-field_22-container\" class=\"wpforms-field wpforms-field-text\" data-field-id=\"22\"><label class=\"wpforms-field-label wpforms-label-hide\" for=\"wpforms-215-field_22\">Linha de texto<\/label><input type=\"text\" id=\"wpforms-215-field_22\" class=\"wpforms-field-medium\" name=\"wpforms[fields][22]\" ><\/div><\/div><!-- .wpforms-field-container --><div class=\"wpforms-field wpforms-field-hp\"><label for=\"wpforms-215-field-hp\" class=\"wpforms-field-label\">Nome<\/label><input type=\"text\" name=\"wpforms[hp]\" id=\"wpforms-215-field-hp\" class=\"wpforms-field-medium\"><\/div><div class=\"wpforms-recaptcha-container wpforms-is-recaptcha wpforms-is-recaptcha-type-v3\" ><input type=\"hidden\" name=\"wpforms[recaptcha]\" value=\"\"><\/div><div class=\"wpforms-submit-container\" ><input type=\"hidden\" name=\"wpforms[id]\" value=\"215\"><input type=\"hidden\" name=\"wpforms[author]\" value=\"12\"><button type=\"submit\" name=\"wpforms[submit]\" id=\"wpforms-submit-215\" class=\"wpforms-submit\" data-alt-text=\"En cours...\" data-submit-text=\"Envoyer\" aria-live=\"assertive\" value=\"wpforms-submit\">Enviar<\/button><img loading=\"lazy\" decoding=\"async\" src=\"https:\/\/securipack.co\/wp-content\/plugins\/wpforms-lite\/assets\/images\/submit-spin.svg\" class=\"wpforms-submit-spinner\" style=\"display: none;\" width=\"26\" height=\"26\" alt=\"Carregamento\"><\/div><input type=\"hidden\" name=\"trp-form-language\" value=\"pt\"\/><\/form><\/div>  <!-- .wpforms-container -->\n\n\n\n<p><\/p>\n<\/div><\/div>\n\n\n\n<div class=\"wp-block-uagb-column uagb-column__wrap uagb-column__background-undefined uagb-block-3385b16c\"><div class=\"uagb-column__overlay\"><\/div><div class=\"uagb-column__inner-wrap\"><br \/>\n  <\/p>\n<\/div><\/div>\n<\/div><\/section>\n\n\n\n<p><\/p>","protected":false},"excerpt":{"rendered":"","protected":false},"author":12,"featured_media":0,"parent":0,"menu_order":0,"comment_status":"closed","ping_status":"closed","template":"page-without-title.php","meta":{"_coblocks_attr":"","_coblocks_dimensions":"","_coblocks_responsive_height":"","_coblocks_accordion_ie_support":"","footnotes":""},"yoast_head":"<!-- This site is optimized with the Yoast SEO plugin v22.0 - https:\/\/yoast.com\/wordpress\/plugins\/seo\/ -->\n<title>Contact - SECURIPACK<\/title>\n<meta name=\"robots\" content=\"index, follow, max-snippet:-1, max-image-preview:large, max-video-preview:-1\" \/>\n<link rel=\"canonical\" href=\"https:\/\/securipack.co\/pt\/contact\/\" \/>\n<meta property=\"og:locale\" content=\"pt_PT\" \/>\n<meta property=\"og:type\" content=\"article\" \/>\n<meta property=\"og:title\" content=\"Contact - SECURIPACK\" \/>\n<meta property=\"og:url\" content=\"https:\/\/securipack.co\/pt\/contact\/\" \/>\n<meta property=\"og:site_name\" content=\"SECURIPACK\" \/>\n<meta property=\"article:modified_time\" content=\"2023-10-18T12:11:11+00:00\" \/>\n<meta name=\"twitter:card\" content=\"summary_large_image\" \/>\n<meta name=\"twitter:label1\" content=\"Tempo estimado de leitura\" \/>\n\t<meta name=\"twitter:data1\" content=\"1 minuto\" \/>\n<script type=\"application\/ld+json\" class=\"yoast-schema-graph\">{\"@context\":\"https:\/\/schema.org\",\"@graph\":[{\"@type\":[\"WebPage\",\"ContactPage\"],\"@id\":\"https:\/\/securipack.co\/contact\/\",\"url\":\"https:\/\/securipack.co\/contact\/\",\"name\":\"Contact - SECURIPACK\",\"isPartOf\":{\"@id\":\"https:\/\/securipack.co\/#website\"},\"datePublished\":\"2016-07-28T07:31:28+00:00\",\"dateModified\":\"2023-10-18T12:11:11+00:00\",\"inLanguage\":\"pt-PT\",\"potentialAction\":[{\"@type\":\"ReadAction\",\"target\":[\"https:\/\/securipack.co\/contact\/\"]}]},{\"@type\":\"WebSite\",\"@id\":\"https:\/\/securipack.co\/#website\",\"url\":\"https:\/\/securipack.co\/\",\"name\":\"SECURIPACK\",\"description\":\"DISPOSITIF COMPLET DE S\u00c9CURISATION DU CONDUCTEUR 24H\/24\",\"potentialAction\":[{\"@type\":\"SearchAction\",\"target\":{\"@type\":\"EntryPoint\",\"urlTemplate\":\"https:\/\/securipack.co\/?s={search_term_string}\"},\"query-input\":\"required name=search_term_string\"}],\"inLanguage\":\"pt-PT\"}]}<\/script>\n<!-- \/ Yoast SEO plugin. -->","yoast_head_json":{"title":"Contact - SECURIPACK","robots":{"index":"index","follow":"follow","max-snippet":"max-snippet:-1","max-image-preview":"max-image-preview:large","max-video-preview":"max-video-preview:-1"},"canonical":"https:\/\/securipack.co\/pt\/contact\/","og_locale":"pt_PT","og_type":"article","og_title":"Contact - SECURIPACK","og_url":"https:\/\/securipack.co\/pt\/contact\/","og_site_name":"SECURIPACK","article_modified_time":"2023-10-18T12:11:11+00:00","twitter_card":"summary_large_image","twitter_misc":{"Tempo estimado de leitura":"1 minuto"},"schema":{"@context":"https:\/\/schema.org","@graph":[{"@type":["WebPage","ContactPage"],"@id":"https:\/\/securipack.co\/contact\/","url":"https:\/\/securipack.co\/contact\/","name":"Contact - SECURIPACK","isPartOf":{"@id":"https:\/\/securipack.co\/#website"},"datePublished":"2016-07-28T07:31:28+00:00","dateModified":"2023-10-18T12:11:11+00:00","inLanguage":"pt-PT","potentialAction":[{"@type":"ReadAction","target":["https:\/\/securipack.co\/contact\/"]}]},{"@type":"WebSite","@id":"https:\/\/securipack.co\/#website","url":"https:\/\/securipack.co\/","name":"SECURIPACK","description":"DISPOSITIF COMPLET DE S\u00c9CURISATION DU CONDUCTEUR 24H\/24","potentialAction":[{"@type":"SearchAction","target":{"@type":"EntryPoint","urlTemplate":"https:\/\/securipack.co\/?s={search_term_string}"},"query-input":"required name=search_term_string"}],"inLanguage":"pt-PT"}]}},"uagb_featured_image_src":{"full":false,"thumbnail":false,"medium":false,"medium_large":false,"large":false,"1536x1536":false,"2048x2048":false,"trp-custom-language-flag":false},"uagb_author_info":{"display_name":"Camaleon","author_link":"https:\/\/securipack.co\/pt\/author\/camaleon\/"},"uagb_comment_info":0,"uagb_excerpt":null,"_links":{"self":[{"href":"https:\/\/securipack.co\/pt\/wp-json\/wp\/v2\/pages\/6"}],"collection":[{"href":"https:\/\/securipack.co\/pt\/wp-json\/wp\/v2\/pages"}],"about":[{"href":"https:\/\/securipack.co\/pt\/wp-json\/wp\/v2\/types\/page"}],"author":[{"embeddable":true,"href":"https:\/\/securipack.co\/pt\/wp-json\/wp\/v2\/users\/12"}],"replies":[{"embeddable":true,"href":"https:\/\/securipack.co\/pt\/wp-json\/wp\/v2\/comments?post=6"}],"version-history":[{"count":119,"href":"https:\/\/securipack.co\/pt\/wp-json\/wp\/v2\/pages\/6\/revisions"}],"predecessor-version":[{"id":4023,"href":"https:\/\/securipack.co\/pt\/wp-json\/wp\/v2\/pages\/6\/revisions\/4023"}],"wp:attachment":[{"href":"https:\/\/securipack.co\/pt\/wp-json\/wp\/v2\/media?parent=6"}],"curies":[{"name":"wp","href":"https:\/\/api.w.org\/{rel}","templated":true}]}}