{"id":778,"date":"2021-10-26T10:30:18","date_gmt":"2021-10-26T08:30:18","guid":{"rendered":"https:\/\/mobility.optimum-automotive.com\/?page_id=778"},"modified":"2023-09-28T15:42:04","modified_gmt":"2023-09-28T13:42:04","slug":"avantages","status":"publish","type":"page","link":"https:\/\/securipack.co\/es\/avantages\/","title":{"rendered":"Beneficios"},"content":{"rendered":"<section class=\"wp-block-uagb-columns uagb-columns__wrap uagb-columns__background-image uagb-columns__stack-mobile uagb-columns__valign-undefined uagb-columns__gap-10 alignfull uagb-block-a910eb64 dark\"><div class=\"uagb-columns__overlay\"><\/div><div class=\"uagb-columns__inner-wrap uagb-columns__columns-1\">\n<div class=\"wp-block-uagb-column uagb-column__wrap uagb-column__background-undefined uagb-block-e2ee5132 container\"><div class=\"uagb-column__overlay\"><\/div><div class=\"uagb-column__inner-wrap\">\n<section class=\"wp-block-uagb-columns uagb-columns__wrap uagb-columns__background-undefined uagb-columns__stack-mobile uagb-columns__valign-undefined uagb-columns__gap-10 alignundefined uagb-block-8ceccb74\"><div class=\"uagb-columns__overlay\"><\/div><div class=\"uagb-columns__inner-wrap uagb-columns__columns-2\">\n<div class=\"wp-block-uagb-column uagb-column__wrap uagb-column__background-undefined uagb-block-268749e4\"><div class=\"uagb-column__overlay\"><\/div><div class=\"uagb-column__inner-wrap\">\n<h1 class=\"has-text-align-left mb-10 wp-block-heading\"><span style=\"color:#ffffff\" class=\"has-inline-color\"><strong>SUS BENEFICIOS<\/strong><\/span><\/h1>\n<\/div><\/div>\n\n\n\n<div class=\"wp-block-uagb-column uagb-column__wrap uagb-column__background-undefined uagb-block-59b9c21a\"><div class=\"uagb-column__overlay\"><\/div><div class=\"uagb-column__inner-wrap\"><\/div><\/div>\n<\/div><\/section>\n<\/div><\/div>\n<\/div><\/section>\n\n\n\n<section class=\"wp-block-uagb-columns uagb-columns__wrap uagb-columns__background-color uagb-columns__stack-mobile uagb-columns__valign-undefined uagb-columns__gap-10 alignfull uagb-block-dade57d7\"><div class=\"uagb-columns__overlay\"><\/div><div class=\"uagb-columns__inner-wrap uagb-columns__columns-1\">\n<div class=\"wp-block-uagb-column uagb-column__wrap uagb-column__background-color uagb-block-ea8c7bbd\"><div class=\"uagb-column__overlay\"><\/div><div class=\"uagb-column__inner-wrap\">\n<section class=\"wp-block-uagb-columns uagb-columns__wrap uagb-columns__background-undefined uagb-columns__stack-mobile uagb-columns__valign-undefined uagb-columns__gap-0 alignundefined uagb-block-c8dec69a\" id=\"container\"><div class=\"uagb-columns__overlay\"><\/div><div class=\"uagb-columns__inner-wrap uagb-columns__columns-1\">\n<div class=\"wp-block-uagb-column uagb-column__wrap uagb-column__background-undefined uagb-block-257b219d container\"><div class=\"uagb-column__overlay\"><\/div><div class=\"uagb-column__inner-wrap\">\n<div class=\"wp-block-columns mb-0 p-0 is-layout-flex wp-container-core-columns-layout-1 wp-block-columns-is-layout-flex\">\n<div class=\"wp-block-column is-layout-flow wp-block-column-is-layout-flow\" style=\"flex-basis:100%\">\n<div style=\"height:5px\" aria-hidden=\"true\" class=\"wp-block-spacer\"><\/div>\n<\/div>\n<\/div>\n<\/div><\/div>\n<\/div><\/section>\n<\/div><\/div>\n<\/div><\/section>\n\n\n\n<section class=\"wp-block-uagb-columns uagb-columns__wrap uagb-columns__background-color uagb-columns__stack-mobile uagb-columns__valign-undefined uagb-columns__gap-10 alignfull uagb-block-33361025 pb-0\"><div class=\"uagb-columns__overlay\"><\/div><div class=\"uagb-columns__inner-wrap uagb-columns__columns-1\">\n<div class=\"wp-block-uagb-column uagb-column__wrap uagb-column__background-color uagb-block-250fae81 pb-0\"><div class=\"uagb-column__overlay\"><\/div><div class=\"uagb-column__inner-wrap\">\n<div style=\"height:5px\" aria-hidden=\"true\" class=\"wp-block-spacer pb-0\"><\/div>\n<\/div><\/div>\n<\/div><\/section>\n\n\n\n<section class=\"wp-block-uagb-columns uagb-columns__wrap uagb-columns__background-color uagb-columns__stack-tablet uagb-columns__valign-undefined uagb-columns__gap-10 alignundefined uagb-block-ebb47524\"><div class=\"uagb-columns__overlay\"><\/div><div class=\"uagb-columns__inner-wrap uagb-columns__columns-2\">\n<div class=\"wp-block-uagb-column uagb-column__wrap uagb-column__background-color uagb-block-2adfd460\"><div class=\"uagb-column__overlay\"><\/div><div class=\"uagb-column__inner-wrap\">\n<h2 class=\"mt-0 wp-block-heading\"><strong>Un veh\u00edculo protegido 24\/7<\/strong><\/h2>\n\n\n\n<ul><li>Puede localizar su veh\u00edculo en tiempo real.<\/li><li>Gracias a las zonas de vigilancia configurables, se le avisa inmediatamente si su veh\u00edculo cruza una de estas zonas. As\u00ed podr\u00e1s actuar lo antes posible.<\/li><li>En caso de robo, nuestro centro de llamadas puede ayudarle a inmovilizar el veh\u00edculo para facilitar su recuperaci\u00f3n.<\/li><\/ul>\n<\/div><\/div>\n\n\n\n<div class=\"wp-block-uagb-column uagb-column__wrap uagb-column__background-color uagb-block-95246a16\"><div class=\"uagb-column__overlay\"><\/div><div class=\"uagb-column__inner-wrap\">\n<figure class=\"wp-block-image size-full\"><img loading=\"lazy\" decoding=\"async\" width=\"694\" height=\"470\" src=\"https:\/\/securipack.co\/wp-content\/uploads\/2022\/06\/avantages.png\" alt=\"\" class=\"wp-image-3778\" srcset=\"https:\/\/securipack.co\/wp-content\/uploads\/2022\/06\/avantages.png 694w, https:\/\/securipack.co\/wp-content\/uploads\/2022\/06\/avantages-18x12.png 18w\" sizes=\"(max-width: 694px) 100vw, 694px\" \/><\/figure>\n<\/div><\/div>\n<\/div><\/section>\n\n\n\n<section class=\"wp-block-uagb-columns uagb-columns__wrap uagb-columns__background-color uagb-columns__stack-mobile uagb-columns__valign-undefined uagb-columns__gap-10 alignfull uagb-block-a4ed778c\"><div class=\"uagb-columns__overlay\"><\/div><div class=\"uagb-columns__inner-wrap uagb-columns__columns-1\">\n<div class=\"wp-block-uagb-column uagb-column__wrap uagb-column__background-undefined uagb-block-24888206 container\"><div class=\"uagb-column__overlay\"><\/div><div class=\"uagb-column__inner-wrap\">\n<section class=\"wp-block-uagb-columns uagb-columns__wrap uagb-columns__background-color uagb-columns__stack-tablet uagb-columns__valign-center uagb-columns__gap-0 alignundefined uagb-block-e623c4b5 ml-10 mr-10\"><div class=\"uagb-columns__overlay\"><\/div><div class=\"uagb-columns__inner-wrap uagb-columns__columns-2\">\n<div class=\"wp-block-uagb-column uagb-column__wrap uagb-column__background-color uagb-block-9e174a4b mb-0\"><div class=\"uagb-column__overlay\"><\/div><div class=\"uagb-column__inner-wrap\">\n<div class=\"wp-block-image mb-0\"><figure class=\"aligncenter size-full\"><img loading=\"lazy\" decoding=\"async\" width=\"422\" height=\"285\" src=\"https:\/\/securipack.co\/wp-content\/uploads\/2022\/06\/entretien.png\" alt=\"\" class=\"wp-image-3784\" srcset=\"https:\/\/securipack.co\/wp-content\/uploads\/2022\/06\/entretien.png 422w, https:\/\/securipack.co\/wp-content\/uploads\/2022\/06\/entretien-18x12.png 18w\" sizes=\"(max-width: 422px) 100vw, 422px\" \/><\/figure><\/div>\n\n\n\n<p><\/p>\n<\/div><\/div>\n\n\n\n<div class=\"wp-block-uagb-column uagb-column__wrap uagb-column__background-color uagb-block-a1692ef9\"><div class=\"uagb-column__overlay\"><\/div><div class=\"uagb-column__inner-wrap\">\n<h4 class=\"has-text-align-left wp-block-heading\"><strong><strong><strong><strong><strong><strong>Un veh\u00edculo sano<\/strong><\/strong><\/strong><\/strong><\/strong><\/strong><\/h4>\n\n\n\n<p>Gracias a la aplicaci\u00f3n m\u00f3vil, se le informar\u00e1 cuando su veh\u00edculo deba pasar la revisi\u00f3n.<\/p>\n\n\n\n<p><\/p>\n<\/div><\/div>\n<\/div><\/section>\n\n\n\n<p><\/p>\n<\/div><\/div>\n<\/div><\/section>","protected":false},"excerpt":{"rendered":"","protected":false},"author":12,"featured_media":0,"parent":0,"menu_order":0,"comment_status":"closed","ping_status":"closed","template":"page-without-title.php","meta":{"_coblocks_attr":"","_coblocks_dimensions":"","_coblocks_responsive_height":"","_coblocks_accordion_ie_support":"","footnotes":""},"yoast_head":"<!-- This site is optimized with the Yoast SEO plugin v22.0 - https:\/\/yoast.com\/wordpress\/plugins\/seo\/ -->\n<title>Avantages - SECURIPACK<\/title>\n<meta name=\"description\" content=\"Initi\u00e9s dans le cadre de la LOM, deux dispositifs ont ainsi \u00e9t\u00e9 \u00e9labor\u00e9s\u202f: le Forfait Mobilit\u00e9 Durable et le Cr\u00e9dit Mobilit\u00e9.\u00a0\" \/>\n<meta name=\"robots\" content=\"index, follow, max-snippet:-1, max-image-preview:large, max-video-preview:-1\" \/>\n<link rel=\"canonical\" href=\"https:\/\/securipack.co\/es\/avantages\/\" \/>\n<meta property=\"og:locale\" content=\"es_ES\" \/>\n<meta property=\"og:type\" content=\"article\" \/>\n<meta property=\"og:title\" content=\"Avantages - SECURIPACK\" \/>\n<meta property=\"og:description\" content=\"Initi\u00e9s dans le cadre de la LOM, deux dispositifs ont ainsi \u00e9t\u00e9 \u00e9labor\u00e9s\u202f: le Forfait Mobilit\u00e9 Durable et le Cr\u00e9dit Mobilit\u00e9.\u00a0\" \/>\n<meta property=\"og:url\" content=\"https:\/\/securipack.co\/es\/avantages\/\" \/>\n<meta property=\"og:site_name\" content=\"SECURIPACK\" \/>\n<meta property=\"article:modified_time\" content=\"2023-09-28T13:42:04+00:00\" \/>\n<meta property=\"og:image\" content=\"https:\/\/securipack.co\/wp-content\/uploads\/2022\/06\/avantages.png\" \/>\n<meta name=\"twitter:card\" content=\"summary_large_image\" \/>\n<meta name=\"twitter:label1\" content=\"Tiempo de lectura\" \/>\n\t<meta name=\"twitter:data1\" content=\"2 minutos\" \/>\n<script type=\"application\/ld+json\" class=\"yoast-schema-graph\">{\"@context\":\"https:\/\/schema.org\",\"@graph\":[{\"@type\":\"WebPage\",\"@id\":\"https:\/\/securipack.co\/avantages\/\",\"url\":\"https:\/\/securipack.co\/avantages\/\",\"name\":\"Avantages - SECURIPACK\",\"isPartOf\":{\"@id\":\"https:\/\/securipack.co\/#website\"},\"datePublished\":\"2021-10-26T08:30:18+00:00\",\"dateModified\":\"2023-09-28T13:42:04+00:00\",\"description\":\"Initi\u00e9s dans le cadre de la LOM, deux dispositifs ont ainsi \u00e9t\u00e9 \u00e9labor\u00e9s\u202f: le Forfait Mobilit\u00e9 Durable et le Cr\u00e9dit Mobilit\u00e9.\u00a0\",\"inLanguage\":\"es\",\"potentialAction\":[{\"@type\":\"ReadAction\",\"target\":[\"https:\/\/securipack.co\/avantages\/\"]}]},{\"@type\":\"WebSite\",\"@id\":\"https:\/\/securipack.co\/#website\",\"url\":\"https:\/\/securipack.co\/\",\"name\":\"SECURIPACK\",\"description\":\"DISPOSITIF COMPLET DE S\u00c9CURISATION DU CONDUCTEUR 24H\/24\",\"potentialAction\":[{\"@type\":\"SearchAction\",\"target\":{\"@type\":\"EntryPoint\",\"urlTemplate\":\"https:\/\/securipack.co\/?s={search_term_string}\"},\"query-input\":\"required name=search_term_string\"}],\"inLanguage\":\"es\"}]}<\/script>\n<!-- \/ Yoast SEO plugin. -->","yoast_head_json":{"title":"Avantages - SECURIPACK","description":"Initi\u00e9s dans le cadre de la LOM, deux dispositifs ont ainsi \u00e9t\u00e9 \u00e9labor\u00e9s\u202f: le Forfait Mobilit\u00e9 Durable et le Cr\u00e9dit Mobilit\u00e9.\u00a0","robots":{"index":"index","follow":"follow","max-snippet":"max-snippet:-1","max-image-preview":"max-image-preview:large","max-video-preview":"max-video-preview:-1"},"canonical":"https:\/\/securipack.co\/es\/avantages\/","og_locale":"es_ES","og_type":"article","og_title":"Avantages - SECURIPACK","og_description":"Initi\u00e9s dans le cadre de la LOM, deux dispositifs ont ainsi \u00e9t\u00e9 \u00e9labor\u00e9s\u202f: le Forfait Mobilit\u00e9 Durable et le Cr\u00e9dit Mobilit\u00e9.\u00a0","og_url":"https:\/\/securipack.co\/es\/avantages\/","og_site_name":"SECURIPACK","article_modified_time":"2023-09-28T13:42:04+00:00","og_image":[{"url":"https:\/\/securipack.co\/wp-content\/uploads\/2022\/06\/avantages.png"}],"twitter_card":"summary_large_image","twitter_misc":{"Tiempo de lectura":"2 minutos"},"schema":{"@context":"https:\/\/schema.org","@graph":[{"@type":"WebPage","@id":"https:\/\/securipack.co\/avantages\/","url":"https:\/\/securipack.co\/avantages\/","name":"Avantages - SECURIPACK","isPartOf":{"@id":"https:\/\/securipack.co\/#website"},"datePublished":"2021-10-26T08:30:18+00:00","dateModified":"2023-09-28T13:42:04+00:00","description":"Initi\u00e9s dans le cadre de la LOM, deux dispositifs ont ainsi \u00e9t\u00e9 \u00e9labor\u00e9s\u202f: le Forfait Mobilit\u00e9 Durable et le Cr\u00e9dit Mobilit\u00e9.\u00a0","inLanguage":"es","potentialAction":[{"@type":"ReadAction","target":["https:\/\/securipack.co\/avantages\/"]}]},{"@type":"WebSite","@id":"https:\/\/securipack.co\/#website","url":"https:\/\/securipack.co\/","name":"SECURIPACK","description":"DISPOSITIF COMPLET DE S\u00c9CURISATION DU CONDUCTEUR 24H\/24","potentialAction":[{"@type":"SearchAction","target":{"@type":"EntryPoint","urlTemplate":"https:\/\/securipack.co\/?s={search_term_string}"},"query-input":"required name=search_term_string"}],"inLanguage":"es"}]}},"uagb_featured_image_src":{"full":false,"thumbnail":false,"medium":false,"medium_large":false,"large":false,"1536x1536":false,"2048x2048":false,"trp-custom-language-flag":false},"uagb_author_info":{"display_name":"Camaleon","author_link":"https:\/\/securipack.co\/es\/author\/camaleon\/"},"uagb_comment_info":0,"uagb_excerpt":null,"_links":{"self":[{"href":"https:\/\/securipack.co\/es\/wp-json\/wp\/v2\/pages\/778"}],"collection":[{"href":"https:\/\/securipack.co\/es\/wp-json\/wp\/v2\/pages"}],"about":[{"href":"https:\/\/securipack.co\/es\/wp-json\/wp\/v2\/types\/page"}],"author":[{"embeddable":true,"href":"https:\/\/securipack.co\/es\/wp-json\/wp\/v2\/users\/12"}],"replies":[{"embeddable":true,"href":"https:\/\/securipack.co\/es\/wp-json\/wp\/v2\/comments?post=778"}],"version-history":[{"count":232,"href":"https:\/\/securipack.co\/es\/wp-json\/wp\/v2\/pages\/778\/revisions"}],"predecessor-version":[{"id":3881,"href":"https:\/\/securipack.co\/es\/wp-json\/wp\/v2\/pages\/778\/revisions\/3881"}],"wp:attachment":[{"href":"https:\/\/securipack.co\/es\/wp-json\/wp\/v2\/media?parent=778"}],"curies":[{"name":"wp","href":"https:\/\/api.w.org\/{rel}","templated":true}]}}