{"id":776,"date":"2021-10-26T10:30:00","date_gmt":"2021-10-26T08:30:00","guid":{"rendered":"https:\/\/mobility.optimum-automotive.com\/?page_id=776"},"modified":"2023-09-28T16:09:29","modified_gmt":"2023-09-28T14:09:29","slug":"le-dispositif","status":"publish","type":"page","link":"https:\/\/securipack.co\/de\/le-dispositif\/","title":{"rendered":"Die L\u00f6sung"},"content":{"rendered":"<section class=\"wp-block-uagb-columns uagb-columns__wrap uagb-columns__background-image uagb-columns__stack-mobile uagb-columns__valign-undefined uagb-columns__gap-10 alignfull uagb-block-32449628 dark\"><div class=\"uagb-columns__overlay\"><\/div><div class=\"uagb-columns__inner-wrap uagb-columns__columns-1\">\n<div class=\"wp-block-uagb-column uagb-column__wrap uagb-column__background-undefined uagb-block-f1531d97 container\"><div class=\"uagb-column__overlay\"><\/div><div class=\"uagb-column__inner-wrap\">\n<section class=\"wp-block-uagb-columns uagb-columns__wrap uagb-columns__background-undefined uagb-columns__stack-mobile uagb-columns__valign-undefined uagb-columns__gap-10 alignundefined uagb-block-38602f55\"><div class=\"uagb-columns__overlay\"><\/div><div class=\"uagb-columns__inner-wrap uagb-columns__columns-2\">\n<div class=\"wp-block-uagb-column uagb-column__wrap uagb-column__background-undefined uagb-block-00fc15ec\"><div class=\"uagb-column__overlay\"><\/div><div class=\"uagb-column__inner-wrap\">\n<h1 class=\"has-text-align-left mb-10 has-text-color wp-block-heading\" style=\"color:#ffffff\"><strong><strong><strong>DIE BESTE L\u00d6SUNG <\/strong><\/strong><\/strong><br>F\u00dcR<strong><strong><strong> IHR FAHRZEUG SICHERN<\/strong><\/strong><\/strong><\/h1>\n<\/div><\/div>\n\n\n\n<div class=\"wp-block-uagb-column uagb-column__wrap uagb-column__background-undefined uagb-block-9e080e24\"><div class=\"uagb-column__overlay\"><\/div><div class=\"uagb-column__inner-wrap\"><\/div><\/div>\n<\/div><\/section>\n<\/div><\/div>\n<\/div><\/section>\n\n\n\n<section class=\"wp-block-uagb-columns uagb-columns__wrap uagb-columns__background-color uagb-columns__stack-mobile uagb-columns__valign-undefined uagb-columns__gap-10 alignfull uagb-block-a354c67f\"><div class=\"uagb-columns__overlay\"><\/div><div class=\"uagb-columns__inner-wrap uagb-columns__columns-1\">\n<div class=\"wp-block-uagb-column uagb-column__wrap uagb-column__background-color uagb-block-5ec25c67\"><div class=\"uagb-column__overlay\"><\/div><div class=\"uagb-column__inner-wrap\">\n<section class=\"wp-block-uagb-columns uagb-columns__wrap uagb-columns__background-undefined uagb-columns__stack-mobile uagb-columns__valign-undefined uagb-columns__gap-0 alignundefined uagb-block-bd06d456\" id=\"container\"><div class=\"uagb-columns__overlay\"><\/div><div class=\"uagb-columns__inner-wrap uagb-columns__columns-1\">\n<div class=\"wp-block-uagb-column uagb-column__wrap uagb-column__background-undefined uagb-block-3cb1eb2c container\"><div class=\"uagb-column__overlay\"><\/div><div class=\"uagb-column__inner-wrap\">\n<div class=\"wp-block-columns mb-0 p-0 is-layout-flex wp-container-core-columns-layout-1 wp-block-columns-is-layout-flex\">\n<div class=\"wp-block-column is-layout-flow wp-block-column-is-layout-flow\" style=\"flex-basis:100%\">\n<h4 class=\"p-0 has-medium-font-size wp-block-heading\"><span class=\"has-inline-color has-dark-color\"> <\/span>Ihr Autoh\u00e4ndler, Ihre Bank oder Ihre Versicherung hat Ihnen SecuriPack empfohlen?<\/h4>\n<\/div>\n<\/div>\n<\/div><\/div>\n<\/div><\/section>\n<\/div><\/div>\n<\/div><\/section>\n\n\n\n<section class=\"wp-block-uagb-columns uagb-columns__wrap uagb-columns__background-color uagb-columns__stack-mobile uagb-columns__valign-undefined uagb-columns__gap-10 alignfull uagb-block-9fd1ff87 pb-0\"><div class=\"uagb-columns__overlay\"><\/div><div class=\"uagb-columns__inner-wrap uagb-columns__columns-1\">\n<div class=\"wp-block-uagb-column uagb-column__wrap uagb-column__background-color uagb-block-606cec01 pb-0\"><div class=\"uagb-column__overlay\"><\/div><div class=\"uagb-column__inner-wrap\">\n<div style=\"height:5px\" aria-hidden=\"true\" class=\"wp-block-spacer pb-0\"><\/div>\n<\/div><\/div>\n<\/div><\/section>\n\n\n\n<section class=\"wp-block-uagb-columns uagb-columns__wrap uagb-columns__background-undefined uagb-columns__stack-tablet uagb-columns__valign-undefined uagb-columns__gap-10 alignundefined uagb-columns__reverse-tablet uagb-columns__reverse-mobile uagb-block-7fc67aff\"><div class=\"uagb-columns__overlay\"><\/div><div class=\"uagb-columns__inner-wrap uagb-columns__columns-2\">\n<div class=\"wp-block-uagb-column uagb-column__wrap uagb-column__background-undefined uagb-block-64481b4d\"><div class=\"uagb-column__overlay\"><\/div><div class=\"uagb-column__inner-wrap\">\n<h2 class=\"wp-block-heading\">Sch\u00fctzen Sie Ihr Fahrzeug vor Diebstahl und nutzen Sie zus\u00e4tzliche Dienstleistungen \u00fcber die mobile Anwendung SecuriPack!<\/h2>\n<\/div><\/div>\n\n\n\n<div class=\"wp-block-uagb-column uagb-column__wrap uagb-column__background-undefined uagb-block-cd8af625\"><div class=\"uagb-column__overlay\"><\/div><div class=\"uagb-column__inner-wrap\">\n<p><\/p>\n\n\n\n<figure class=\"wp-block-image size-full uag-hide-tab uag-hide-mob\"><img loading=\"lazy\" decoding=\"async\" width=\"608\" height=\"326\" src=\"https:\/\/securipack.co\/wp-content\/uploads\/2022\/02\/car-1.png\" alt=\"\" class=\"wp-image-2923\" srcset=\"https:\/\/securipack.co\/wp-content\/uploads\/2022\/02\/car-1.png 608w, https:\/\/securipack.co\/wp-content\/uploads\/2022\/02\/car-1-18x10.png 18w\" sizes=\"(max-width: 608px) 100vw, 608px\" \/><\/figure>\n\n\n\n<p><\/p>\n<\/div><\/div>\n<\/div><\/section>\n\n\n\n<section class=\"wp-block-uagb-columns uagb-columns__wrap uagb-columns__background-color uagb-columns__stack-mobile uagb-columns__valign-undefined uagb-columns__gap-10 alignundefined uagb-block-d55af32b ml-0 mr-0\"><div class=\"uagb-columns__overlay\"><\/div><div class=\"uagb-columns__inner-wrap uagb-columns__columns-2\">\n<div class=\"wp-block-uagb-column uagb-column__wrap uagb-column__background-color uagb-block-4e371f66\"><div class=\"uagb-column__overlay\"><\/div><div class=\"uagb-column__inner-wrap\">\n<h4 class=\"has-text-align-left wp-block-heading\"><strong><strong><strong>Die mobile Anwendung<\/strong><\/strong><\/strong><\/h4>\n\n\n\n<p class=\"has-text-align-left\">Mit der SecuriPack-App bleiben Sie rund um die Uhr mit Ihrem Fahrzeug in Kontakt und profitieren von praktischen Diensten f\u00fcr den Alltag :<\/p>\n\n\n\n<p><\/p>\n\n\n\n<ul><li>Lokalisierung des Fahrzeugs<\/li><li>Einrichten von \u00dcberwachungszonen mit Alarmen beim Betreten und Verlassen jeder Zone<\/li><li>Schutz des Fahrzeugs (Warnung bei anormalen Bewegungen)<\/li><li>\u00dcbersicht und Details zu Ihren Fahrten<\/li><li>Wartungsverfolgung: n\u00e4chste Wartung, Kilometerstand des Z\u00e4hlers* und Kraftstoffstand*.<\/li><\/ul>\n\n\n\n<p><em>* Je nach ausgew\u00e4hltem Modell der Geolokalisierungsbox<\/em><\/p>\n<\/div><\/div>\n\n\n\n<div class=\"wp-block-uagb-column uagb-column__wrap uagb-column__background-color uagb-block-91a983e4\"><div class=\"uagb-column__overlay\"><\/div><div class=\"uagb-column__inner-wrap\">\n<div class=\"wp-block-image\"><figure class=\"aligncenter size-full\"><img loading=\"lazy\" decoding=\"async\" width=\"364\" height=\"434\" src=\"https:\/\/securipack.co\/wp-content\/uploads\/2022\/06\/fiche_vehicule_appli.png\" alt=\"\" class=\"wp-image-3743\" srcset=\"https:\/\/securipack.co\/wp-content\/uploads\/2022\/06\/fiche_vehicule_appli.png 364w, https:\/\/securipack.co\/wp-content\/uploads\/2022\/06\/fiche_vehicule_appli-10x12.png 10w\" sizes=\"(max-width: 364px) 100vw, 364px\" \/><\/figure><\/div>\n<\/div><\/div>\n<\/div><\/section>\n\n\n\n<section class=\"wp-block-uagb-columns uagb-columns__wrap uagb-columns__background-color uagb-columns__stack-mobile uagb-columns__valign-undefined uagb-columns__gap-10 alignundefined uagb-block-4b34fd2a\"><div class=\"uagb-columns__overlay\"><\/div><div class=\"uagb-columns__inner-wrap uagb-columns__columns-2\">\n<div class=\"wp-block-uagb-column uagb-column__wrap uagb-column__background-color uagb-block-04b3115c\"><div class=\"uagb-column__overlay\"><\/div><div class=\"uagb-column__inner-wrap\">\n<h4 class=\"has-text-align-left wp-block-heading\"><strong><strong><strong><strong>Das \"SecuriPack Center\" Call Center<\/strong><\/strong><\/strong><\/strong><\/h4>\n\n\n\n<p>Unser Callcenter steht Ihnen rund um die Uhr zur Verf\u00fcgung, um Ihnen bei Problemen zu helfen. Wurde Ihr Fahrzeug verunfallt oder gestohlen? Rufen Sie das SecuriPack Center an, um Hilfe zu erhalten und das Fahrzeug im Falle eines Diebstahls aus der Ferne stillzulegen.<\/p>\n\n\n\n<p>Als Option k\u00f6nnen Sie den Service \"Assistierte Bergung\" abschlie\u00dfen: Unsere Mitarbeiter koordinieren die Suche der Polizei (oder spezialisierter Unternehmen), um das gestohlene Fahrzeug sicher wiederzubekommen.<br><\/p>\n\n\n\n<p><\/p>\n<\/div><\/div>\n\n\n\n<div class=\"wp-block-uagb-column uagb-column__wrap uagb-column__background-color uagb-block-3f50abe7\"><div class=\"uagb-column__overlay\"><\/div><div class=\"uagb-column__inner-wrap\">\n<div class=\"wp-block-image\"><figure class=\"aligncenter size-full\"><img loading=\"lazy\" decoding=\"async\" width=\"543\" height=\"240\" src=\"https:\/\/securipack.co\/wp-content\/uploads\/2022\/06\/SecuriPack-Center.jpg\" alt=\"\" class=\"wp-image-3764\" srcset=\"https:\/\/securipack.co\/wp-content\/uploads\/2022\/06\/SecuriPack-Center.jpg 543w, https:\/\/securipack.co\/wp-content\/uploads\/2022\/06\/SecuriPack-Center-18x8.jpg 18w\" sizes=\"(max-width: 543px) 100vw, 543px\" \/><\/figure><\/div>\n<\/div><\/div>\n<\/div><\/section>\n\n\n\n<section class=\"wp-block-uagb-columns uagb-columns__wrap uagb-columns__background-color uagb-columns__stack-mobile uagb-columns__valign-undefined uagb-columns__gap-10 alignundefined uagb-block-261938b2 ml-0 mr-0\"><div class=\"uagb-columns__overlay\"><\/div><div class=\"uagb-columns__inner-wrap uagb-columns__columns-2\">\n<div class=\"wp-block-uagb-column uagb-column__wrap uagb-column__background-color uagb-block-08fcbc2f\"><div class=\"uagb-column__overlay\"><\/div><div class=\"uagb-column__inner-wrap\">\n<div class=\"wp-block-image\"><figure class=\"aligncenter size-full\"><img loading=\"lazy\" decoding=\"async\" width=\"385\" height=\"334\" src=\"https:\/\/securipack.co\/wp-content\/uploads\/2022\/06\/antis-relais.png\" alt=\"\" class=\"wp-image-3731\" srcset=\"https:\/\/securipack.co\/wp-content\/uploads\/2022\/06\/antis-relais.png 385w, https:\/\/securipack.co\/wp-content\/uploads\/2022\/06\/antis-relais-14x12.png 14w\" sizes=\"(max-width: 385px) 100vw, 385px\" \/><\/figure><\/div>\n<\/div><\/div>\n\n\n\n<div class=\"wp-block-uagb-column uagb-column__wrap uagb-column__background-color uagb-block-cd5f6b08\"><div class=\"uagb-column__overlay\"><\/div><div class=\"uagb-column__inner-wrap\">\n<h4 class=\"has-text-align-left mb-20 wp-block-heading\"><strong><strong>Die Geolokalisierungsbox und das Wegfahrsperrenrelais<\/strong><\/strong><\/h4>\n\n\n\n<p class=\"has-text-align-left\">Ihr Autoh\u00e4ndler baut das Sicherheitsger\u00e4t vor der Auslieferung in Ihr Fahrzeug ein. Sie besteht aus einer Geolokalisierungsbox der neuesten Generation, die mit einem Wegfahrsperrenrelais gekoppelt ist, mit dem das Fahrzeug im Falle eines Diebstahls aus der Ferne stillgelegt werden kann.<\/p>\n\n\n\n<p><\/p>\n<\/div><\/div>\n<\/div><\/section>\n\n\n\n<section class=\"wp-block-uagb-columns uagb-columns__wrap uagb-columns__background-color uagb-columns__stack-mobile uagb-columns__valign-undefined uagb-columns__gap-10 alignundefined uagb-block-70ad650c\"><div class=\"uagb-columns__overlay\"><\/div><div class=\"uagb-columns__inner-wrap uagb-columns__columns-2\">\n<div class=\"wp-block-uagb-column uagb-column__wrap uagb-column__background-color uagb-block-11faf042\"><div class=\"uagb-column__overlay\"><\/div><div class=\"uagb-column__inner-wrap\">\n<div class=\"wp-block-image\"><figure class=\"aligncenter size-full\"><img loading=\"lazy\" decoding=\"async\" width=\"400\" height=\"228\" src=\"https:\/\/securipack.co\/wp-content\/uploads\/2022\/06\/appli_securipack_whatsapp.jpg\" alt=\"\" class=\"wp-image-3752\" srcset=\"https:\/\/securipack.co\/wp-content\/uploads\/2022\/06\/appli_securipack_whatsapp.jpg 400w, https:\/\/securipack.co\/wp-content\/uploads\/2022\/06\/appli_securipack_whatsapp-18x10.jpg 18w\" sizes=\"(max-width: 400px) 100vw, 400px\" \/><\/figure><\/div>\n<\/div><\/div>\n\n\n\n<div class=\"wp-block-uagb-column uagb-column__wrap uagb-column__background-color uagb-block-30e119f4\"><div class=\"uagb-column__overlay\"><\/div><div class=\"uagb-column__inner-wrap\">\n<h4 class=\"has-text-align-left mb-20 wp-block-heading\"><strong><strong><strong>Die Whatsapp-Community SecuriPack<\/strong><\/strong><\/strong><\/h4>\n\n\n\n<p class=\"has-text-align-left\">Wie Sie haben sich viele Kunden f\u00fcr SecuriPack entschieden, um ihr Fahrzeug zu sichern. Wenn Sie der SecuriPack-Community auf Whatsapp beitreten, werden Sie Teil eines privilegierten Clubs, in dem jeder wertvolle Hinweise zur Wiederbeschaffung Ihres Fahrzeugs im Falle eines Diebstahls geben kann.<\/p>\n\n\n\n<p><\/p>\n<\/div><\/div>\n<\/div><\/section>\n\n\n\n<div style=\"height:70px\" aria-hidden=\"true\" class=\"wp-block-spacer\"><\/div>","protected":false},"excerpt":{"rendered":"","protected":false},"author":12,"featured_media":0,"parent":0,"menu_order":0,"comment_status":"closed","ping_status":"closed","template":"page-without-title.php","meta":{"_coblocks_attr":"","_coblocks_dimensions":"","_coblocks_responsive_height":"","_coblocks_accordion_ie_support":"","footnotes":""},"yoast_head":"<!-- This site is optimized with the Yoast SEO plugin v22.0 - https:\/\/yoast.com\/wordpress\/plugins\/seo\/ -->\n<title>La solution - SECURIPACK<\/title>\n<meta name=\"robots\" content=\"index, follow, max-snippet:-1, max-image-preview:large, max-video-preview:-1\" \/>\n<link rel=\"canonical\" href=\"https:\/\/securipack.co\/de\/le-dispositif\/\" \/>\n<meta property=\"og:locale\" content=\"de_DE\" \/>\n<meta property=\"og:type\" content=\"article\" \/>\n<meta property=\"og:title\" content=\"La solution - SECURIPACK\" \/>\n<meta property=\"og:url\" content=\"https:\/\/securipack.co\/de\/le-dispositif\/\" \/>\n<meta property=\"og:site_name\" content=\"SECURIPACK\" \/>\n<meta property=\"article:modified_time\" content=\"2023-09-28T14:09:29+00:00\" \/>\n<meta property=\"og:image\" content=\"https:\/\/securipack.co\/wp-content\/uploads\/2022\/02\/car-1.png\" \/>\n<meta name=\"twitter:card\" content=\"summary_large_image\" \/>\n<meta name=\"twitter:label1\" content=\"Gesch\u00e4tzte Lesezeit\" \/>\n\t<meta name=\"twitter:data1\" content=\"3\u00a0Minuten\" \/>\n<script type=\"application\/ld+json\" class=\"yoast-schema-graph\">{\"@context\":\"https:\/\/schema.org\",\"@graph\":[{\"@type\":\"WebPage\",\"@id\":\"https:\/\/securipack.co\/le-dispositif\/\",\"url\":\"https:\/\/securipack.co\/le-dispositif\/\",\"name\":\"La solution - SECURIPACK\",\"isPartOf\":{\"@id\":\"https:\/\/securipack.co\/#website\"},\"datePublished\":\"2021-10-26T08:30:00+00:00\",\"dateModified\":\"2023-09-28T14:09:29+00:00\",\"inLanguage\":\"de\",\"potentialAction\":[{\"@type\":\"ReadAction\",\"target\":[\"https:\/\/securipack.co\/le-dispositif\/\"]}]},{\"@type\":\"WebSite\",\"@id\":\"https:\/\/securipack.co\/#website\",\"url\":\"https:\/\/securipack.co\/\",\"name\":\"SECURIPACK\",\"description\":\"DISPOSITIF COMPLET DE S\u00c9CURISATION DU CONDUCTEUR 24H\/24\",\"potentialAction\":[{\"@type\":\"SearchAction\",\"target\":{\"@type\":\"EntryPoint\",\"urlTemplate\":\"https:\/\/securipack.co\/?s={search_term_string}\"},\"query-input\":\"required name=search_term_string\"}],\"inLanguage\":\"de\"}]}<\/script>\n<!-- \/ Yoast SEO plugin. -->","yoast_head_json":{"title":"La solution - SECURIPACK","robots":{"index":"index","follow":"follow","max-snippet":"max-snippet:-1","max-image-preview":"max-image-preview:large","max-video-preview":"max-video-preview:-1"},"canonical":"https:\/\/securipack.co\/de\/le-dispositif\/","og_locale":"de_DE","og_type":"article","og_title":"La solution - SECURIPACK","og_url":"https:\/\/securipack.co\/de\/le-dispositif\/","og_site_name":"SECURIPACK","article_modified_time":"2023-09-28T14:09:29+00:00","og_image":[{"url":"https:\/\/securipack.co\/wp-content\/uploads\/2022\/02\/car-1.png"}],"twitter_card":"summary_large_image","twitter_misc":{"Gesch\u00e4tzte Lesezeit":"3\u00a0Minuten"},"schema":{"@context":"https:\/\/schema.org","@graph":[{"@type":"WebPage","@id":"https:\/\/securipack.co\/le-dispositif\/","url":"https:\/\/securipack.co\/le-dispositif\/","name":"La solution - SECURIPACK","isPartOf":{"@id":"https:\/\/securipack.co\/#website"},"datePublished":"2021-10-26T08:30:00+00:00","dateModified":"2023-09-28T14:09:29+00:00","inLanguage":"de","potentialAction":[{"@type":"ReadAction","target":["https:\/\/securipack.co\/le-dispositif\/"]}]},{"@type":"WebSite","@id":"https:\/\/securipack.co\/#website","url":"https:\/\/securipack.co\/","name":"SECURIPACK","description":"DISPOSITIF COMPLET DE S\u00c9CURISATION DU CONDUCTEUR 24H\/24","potentialAction":[{"@type":"SearchAction","target":{"@type":"EntryPoint","urlTemplate":"https:\/\/securipack.co\/?s={search_term_string}"},"query-input":"required name=search_term_string"}],"inLanguage":"de"}]}},"uagb_featured_image_src":{"full":false,"thumbnail":false,"medium":false,"medium_large":false,"large":false,"1536x1536":false,"2048x2048":false,"trp-custom-language-flag":false},"uagb_author_info":{"display_name":"Camaleon","author_link":"https:\/\/securipack.co\/de\/author\/camaleon\/"},"uagb_comment_info":0,"uagb_excerpt":null,"_links":{"self":[{"href":"https:\/\/securipack.co\/de\/wp-json\/wp\/v2\/pages\/776"}],"collection":[{"href":"https:\/\/securipack.co\/de\/wp-json\/wp\/v2\/pages"}],"about":[{"href":"https:\/\/securipack.co\/de\/wp-json\/wp\/v2\/types\/page"}],"author":[{"embeddable":true,"href":"https:\/\/securipack.co\/de\/wp-json\/wp\/v2\/users\/12"}],"replies":[{"embeddable":true,"href":"https:\/\/securipack.co\/de\/wp-json\/wp\/v2\/comments?post=776"}],"version-history":[{"count":302,"href":"https:\/\/securipack.co\/de\/wp-json\/wp\/v2\/pages\/776\/revisions"}],"predecessor-version":[{"id":3890,"href":"https:\/\/securipack.co\/de\/wp-json\/wp\/v2\/pages\/776\/revisions\/3890"}],"wp:attachment":[{"href":"https:\/\/securipack.co\/de\/wp-json\/wp\/v2\/media?parent=776"}],"curies":[{"name":"wp","href":"https:\/\/api.w.org\/{rel}","templated":true}]}}