{"id":4022,"date":"2023-12-04T10:32:36","date_gmt":"2023-12-04T09:32:36","guid":{"rendered":"https:\/\/securipack.co\/?page_id=4022"},"modified":"2023-12-05T10:31:09","modified_gmt":"2023-12-05T09:31:09","slug":"suppression-de-compte-securipack","status":"publish","type":"page","link":"https:\/\/securipack.co\/de\/suppression-de-compte-securipack\/","title":{"rendered":"L\u00f6schen eines SECURIPACK-Kontos"},"content":{"rendered":"<section class=\"wp-block-uagb-columns uagb-columns__wrap uagb-columns__background-image uagb-columns__stack-mobile uagb-columns__valign-undefined uagb-columns__gap-10 alignfull uagb-block-26dde8c3 dark\"><div class=\"uagb-columns__overlay\"><\/div><div class=\"uagb-columns__inner-wrap uagb-columns__columns-1\">\n<div class=\"wp-block-uagb-column uagb-column__wrap uagb-column__background-undefined uagb-block-0a589a2c container\"><div class=\"uagb-column__overlay\"><\/div><div class=\"uagb-column__inner-wrap\">\n<section class=\"wp-block-uagb-columns uagb-columns__wrap uagb-columns__background-undefined uagb-columns__stack-mobile uagb-columns__valign-undefined uagb-columns__gap-10 alignundefined uagb-block-181b8ed6\"><div class=\"uagb-columns__overlay\"><\/div><div class=\"uagb-columns__inner-wrap uagb-columns__columns-2\">\n<div class=\"wp-block-uagb-column uagb-column__wrap uagb-column__background-undefined uagb-block-35ab1144\"><div class=\"uagb-column__overlay\"><\/div><div class=\"uagb-column__inner-wrap\">\n<h1 class=\"has-text-align-left mb-10 wp-block-heading\"><span style=\"color:#ffffff\" class=\"has-inline-color\">SECURIPACK-Anwendung : <\/span><br><span style=\"color:#ffffff\" class=\"has-inline-color\">L\u00f6schen eines Kontos<\/span><\/h1>\n<\/div><\/div>\n\n\n\n<div class=\"wp-block-uagb-column uagb-column__wrap uagb-column__background-undefined uagb-block-e81db5ae\"><div class=\"uagb-column__overlay\"><\/div><div class=\"uagb-column__inner-wrap\"><\/div><\/div>\n<\/div><\/section>\n<\/div><\/div>\n<\/div><\/section>\n\n\n\n<section class=\"wp-block-uagb-columns uagb-columns__wrap uagb-columns__background-color uagb-columns__stack-mobile uagb-columns__valign-undefined uagb-columns__gap-10 alignfull uagb-block-76b1acc5\"><div class=\"uagb-columns__overlay\"><\/div><div class=\"uagb-columns__inner-wrap uagb-columns__columns-1\">\n<div class=\"wp-block-uagb-column uagb-column__wrap uagb-column__background-color uagb-block-c5e3883b\"><div class=\"uagb-column__overlay\"><\/div><div class=\"uagb-column__inner-wrap\">\n<section class=\"wp-block-uagb-columns uagb-columns__wrap uagb-columns__background-undefined uagb-columns__stack-mobile uagb-columns__valign-undefined uagb-columns__gap-0 alignundefined uagb-block-642446a5\" id=\"container\"><div class=\"uagb-columns__overlay\"><\/div><div class=\"uagb-columns__inner-wrap uagb-columns__columns-1\">\n<div class=\"wp-block-uagb-column uagb-column__wrap uagb-column__background-undefined uagb-block-6a03b1ac container\"><div class=\"uagb-column__overlay\"><\/div><div class=\"uagb-column__inner-wrap\">\n<div class=\"wp-block-columns mb-0 p-0 is-layout-flex wp-container-core-columns-layout-1 wp-block-columns-is-layout-flex\">\n<div class=\"wp-block-column is-layout-flow wp-block-column-is-layout-flow\" style=\"flex-basis:70%\">\n<h4 class=\"p-0 has-medium-font-size wp-block-heading\"><strong><span class=\"has-inline-color has-dark-color\">So stellen Sie einen Antrag auf L\u00f6schung eines Kontos und der zugeh\u00f6rigen Daten<\/span><\/strong>, <strong>bitte f\u00fcllen Sie das folgende Formular aus&nbsp;<\/strong><\/h4>\n<\/div>\n\n\n\n<div class=\"wp-block-column is-layout-flow wp-block-column-is-layout-flow\" style=\"flex-basis:50%\"><\/div>\n<\/div>\n<\/div><\/div>\n<\/div><\/section>\n<\/div><\/div>\n<\/div><\/section>\n\n\n\n<section class=\"wp-block-uagb-columns uagb-columns__wrap uagb-columns__background-color uagb-columns__stack-mobile uagb-columns__valign-undefined uagb-columns__gap-10 alignfull uagb-block-588cc2ab pb-0\"><div class=\"uagb-columns__overlay\"><\/div><div class=\"uagb-columns__inner-wrap uagb-columns__columns-1\">\n<div class=\"wp-block-uagb-column uagb-column__wrap uagb-column__background-color uagb-block-53bf4e9c pb-0\"><div class=\"uagb-column__overlay\"><\/div><div class=\"uagb-column__inner-wrap\">\n<div style=\"height:5px\" aria-hidden=\"true\" class=\"wp-block-spacer pb-0\"><\/div>\n<\/div><\/div>\n<\/div><\/section>\n\n\n\n<section class=\"wp-block-uagb-columns uagb-columns__wrap uagb-columns__background-undefined uagb-columns__stack-tablet uagb-columns__valign-undefined uagb-columns__gap-20 alignundefined uagb-block-8b69d0aa mt-0\"><div class=\"uagb-columns__overlay\"><\/div><div class=\"uagb-columns__inner-wrap uagb-columns__columns-2\">\n<div class=\"wp-block-uagb-column uagb-column__wrap uagb-column__background-undefined uagb-block-266694f4\"><div class=\"uagb-column__overlay\"><\/div><div class=\"uagb-column__inner-wrap\">\n<p>Die Dauer der Datenspeicherung wird von dem f\u00fcr die Verarbeitung Verantwortlichen festgelegt, d. h. von der Organisation\/dem Unternehmen, der\/dem der Nutzer angeh\u00f6rt.<\/p>\n\n\n<div class=\"wpforms-container wpforms-container-full\" id=\"wpforms-4025\"><form id=\"wpforms-form-4025\" class=\"wpforms-validate wpforms-form wpforms-ajax-form\" data-formid=\"4025\" method=\"post\" enctype=\"multipart\/form-data\" action=\"\/de\/wp-json\/wp\/v2\/pages\/4022\" data-token=\"92a419cc09dc6f3de4449c6a40841b15\" data-trp-original-action=\"\/de\/wp-json\/wp\/v2\/pages\/4022\"><noscript class=\"wpforms-error-noscript\">Bitte aktivieren Sie JavaScript in Ihrem Browser, um dieses Formular fertigzustellen.<\/noscript><div class=\"wpforms-field-container\"><div id=\"wpforms-4025-field_24-container\" class=\"wpforms-field wpforms-field-gdpr-checkbox\" data-field-id=\"24\"><label class=\"wpforms-field-label\" for=\"wpforms-4025-field_24\">SECURIPACK-Anwendung <span class=\"wpforms-required-label\">*<\/span><\/label><ul id=\"wpforms-4025-field_24\" class=\"wpforms-field-required\"><li class=\"choice-1\"><input type=\"checkbox\" id=\"wpforms-4025-field_24_1\" name=\"wpforms[fields][24][]\" value=\"Je souhaite supprimer mon compte et les donn\u00e9es associ\u00e9es\" required><label class=\"wpforms-field-label-inline\" for=\"wpforms-4025-field_24_1\">Ich m\u00f6chte mein Konto und die damit verbundenen Daten l\u00f6schen<\/label><\/li><\/ul><\/div><div id=\"wpforms-4025-field_0-container\" class=\"wpforms-field wpforms-field-name\" data-field-id=\"0\"><label class=\"wpforms-field-label\" for=\"wpforms-4025-field_0\">Name <span class=\"wpforms-required-label\">*<\/span><\/label><div class=\"wpforms-field-row wpforms-field-large\"><div class=\"wpforms-field-row-block wpforms-first wpforms-one-half\"><input type=\"text\" id=\"wpforms-4025-field_0\" class=\"wpforms-field-name-first wpforms-field-required\" name=\"wpforms[fields][0][first]\" required><label for=\"wpforms-4025-field_0\" class=\"wpforms-field-sublabel after\">Vorname<\/label><\/div><div class=\"wpforms-field-row-block wpforms-one-half\"><input type=\"text\" id=\"wpforms-4025-field_0-last\" class=\"wpforms-field-name-last wpforms-field-required\" name=\"wpforms[fields][0][last]\" required><label for=\"wpforms-4025-field_0-last\" class=\"wpforms-field-sublabel after\">Nachname<\/label><\/div><\/div><\/div><div id=\"wpforms-4025-field_1-container\" class=\"wpforms-field wpforms-field-email wpforms-one-half wpforms-first\" data-field-id=\"1\"><label class=\"wpforms-field-label\" for=\"wpforms-4025-field_1\">Kontakt-E-Mail-Adresse <span class=\"wpforms-required-label\">*<\/span><\/label><input type=\"email\" id=\"wpforms-4025-field_1\" class=\"wpforms-field-large wpforms-field-required\" name=\"wpforms[fields][1]\" spellcheck=\"false\" required><\/div><div id=\"wpforms-4025-field_5-container\" class=\"wpforms-field wpforms-field-text wpforms-one-half\" data-field-id=\"5\"><label class=\"wpforms-field-label\" for=\"wpforms-4025-field_5\">Telefon <span class=\"wpforms-required-label\">*<\/span><\/label><input type=\"text\" id=\"wpforms-4025-field_5\" class=\"wpforms-field-large wpforms-field-required\" name=\"wpforms[fields][5]\" required><\/div><div id=\"wpforms-4025-field_2-container\" class=\"wpforms-field wpforms-field-textarea\" data-field-id=\"2\"><label class=\"wpforms-field-label\" for=\"wpforms-4025-field_2\">Ihre Nachricht<\/label><textarea id=\"wpforms-4025-field_2\" class=\"wpforms-field-medium\" name=\"wpforms[fields][2]\" ><\/textarea><\/div><div id=\"wpforms-4025-field_4-container\" class=\"wpforms-field wpforms-field-gdpr-checkbox\" data-field-id=\"4\"><label class=\"wpforms-field-label\" for=\"wpforms-4025-field_4\"> Obligatorische Felder <span class=\"wpforms-required-label\">*<\/span><\/label><ul id=\"wpforms-4025-field_4\" class=\"wpforms-field-required\"><li class=\"choice-1\"><input type=\"checkbox\" id=\"wpforms-4025-field_4_1\" name=\"wpforms[fields][4][]\" value=\"&lt;strong&gt;RGPD : R\u00e8glement g\u00e9n\u00e9ral sur la protection des donn\u00e9es.&lt;\/strong&gt;&lt;br\/&gt;En cochant cette case, vous reconnaissez avoir pris connaissance et accept\u00e9 les &lt;a href=&quot;https:\/\/securipack.co\/conditions-generales-dutilisations\/&quot;&gt;conditions g\u00e9n\u00e9rales d&#039;utilisation du site.&lt;\/a&gt;\" required><label class=\"wpforms-field-label-inline\" for=\"wpforms-4025-field_4_1\"><strong>GDPR: General Data Protection Regulation (Allgemeine Datenschutzverordnung).<\/strong><br \/>Indem Sie dieses K\u00e4stchen ankreuzen, best\u00e4tigen Sie, dass Sie die <a href=\"https:\/\/securipack.co\/de\/conditions-generales-dutilisations\/\">allgemeinen Bedingungen f\u00fcr die Nutzung der Website.<\/a><\/label><\/li><\/ul><\/div><\/div><!-- .wpforms-field-container --><div class=\"wpforms-field wpforms-field-hp\"><label for=\"wpforms-4025-field-hp\" class=\"wpforms-field-label\">E-Mail<\/label><input type=\"text\" name=\"wpforms[hp]\" id=\"wpforms-4025-field-hp\" class=\"wpforms-field-medium\"><\/div><div class=\"wpforms-recaptcha-container wpforms-is-recaptcha wpforms-is-recaptcha-type-v3\" ><input type=\"hidden\" name=\"wpforms[recaptcha]\" value=\"\"><\/div><div class=\"wpforms-submit-container\" ><input type=\"hidden\" name=\"wpforms[id]\" value=\"4025\"><input type=\"hidden\" name=\"wpforms[author]\" value=\"12\"><button type=\"submit\" name=\"wpforms[submit]\" id=\"wpforms-submit-4025\" class=\"wpforms-submit\" data-alt-text=\"En cours...\" data-submit-text=\"Envoyer\" aria-live=\"assertive\" value=\"wpforms-submit\">Senden Sie<\/button><img loading=\"lazy\" decoding=\"async\" src=\"https:\/\/securipack.co\/wp-content\/plugins\/wpforms-lite\/assets\/images\/submit-spin.svg\" class=\"wpforms-submit-spinner\" style=\"display: none;\" width=\"26\" height=\"26\" alt=\"Wird geladen\"><\/div><input type=\"hidden\" name=\"trp-form-language\" value=\"de\"\/><\/form><\/div>  <!-- .wpforms-container -->\n\n\n\n<p><\/p>\n<\/div><\/div>\n\n\n\n<div class=\"wp-block-uagb-column uagb-column__wrap uagb-column__background-undefined uagb-block-0057835f\"><div class=\"uagb-column__overlay\"><\/div><div class=\"uagb-column__inner-wrap\"><h4>SECURIPACK FRANKREICH<\/h4>\n<p>190 rue Marcelle Isoard,<br \/>\n13090 AIX EN PROVENCE<br \/>\n01 70 20 02 64<\/p>\n<p>donneespersonnelles@optimum-automotive.com<\/p>\n<\/div><\/div>\n<\/div><\/section>","protected":false},"excerpt":{"rendered":"","protected":false},"author":12,"featured_media":0,"parent":0,"menu_order":0,"comment_status":"closed","ping_status":"closed","template":"page-without-title.php","meta":{"_coblocks_attr":"","_coblocks_dimensions":"","_coblocks_responsive_height":"","_coblocks_accordion_ie_support":"","footnotes":""},"yoast_head":"<!-- This site is optimized with the Yoast SEO plugin v22.0 - https:\/\/yoast.com\/wordpress\/plugins\/seo\/ -->\n<title>Suppression de compte SECURIPACK - SECURIPACK<\/title>\n<meta name=\"robots\" content=\"index, follow, max-snippet:-1, max-image-preview:large, max-video-preview:-1\" \/>\n<link rel=\"canonical\" href=\"https:\/\/securipack.co\/de\/suppression-de-compte-securipack\/\" \/>\n<meta property=\"og:locale\" content=\"de_DE\" \/>\n<meta property=\"og:type\" content=\"article\" \/>\n<meta property=\"og:title\" content=\"Suppression de compte SECURIPACK - SECURIPACK\" \/>\n<meta property=\"og:url\" content=\"https:\/\/securipack.co\/de\/suppression-de-compte-securipack\/\" \/>\n<meta property=\"og:site_name\" content=\"SECURIPACK\" \/>\n<meta property=\"article:modified_time\" content=\"2023-12-05T09:31:09+00:00\" \/>\n<meta name=\"twitter:card\" content=\"summary_large_image\" \/>\n<meta name=\"twitter:label1\" content=\"Gesch\u00e4tzte Lesezeit\" \/>\n\t<meta name=\"twitter:data1\" content=\"1\u00a0Minute\" \/>\n<script type=\"application\/ld+json\" class=\"yoast-schema-graph\">{\"@context\":\"https:\/\/schema.org\",\"@graph\":[{\"@type\":\"WebPage\",\"@id\":\"https:\/\/securipack.co\/suppression-de-compte-securipack\/\",\"url\":\"https:\/\/securipack.co\/suppression-de-compte-securipack\/\",\"name\":\"Suppression de compte SECURIPACK - SECURIPACK\",\"isPartOf\":{\"@id\":\"https:\/\/securipack.co\/#website\"},\"datePublished\":\"2023-12-04T09:32:36+00:00\",\"dateModified\":\"2023-12-05T09:31:09+00:00\",\"inLanguage\":\"de\",\"potentialAction\":[{\"@type\":\"ReadAction\",\"target\":[\"https:\/\/securipack.co\/suppression-de-compte-securipack\/\"]}]},{\"@type\":\"WebSite\",\"@id\":\"https:\/\/securipack.co\/#website\",\"url\":\"https:\/\/securipack.co\/\",\"name\":\"SECURIPACK\",\"description\":\"DISPOSITIF COMPLET DE S\u00c9CURISATION DU CONDUCTEUR 24H\/24\",\"potentialAction\":[{\"@type\":\"SearchAction\",\"target\":{\"@type\":\"EntryPoint\",\"urlTemplate\":\"https:\/\/securipack.co\/?s={search_term_string}\"},\"query-input\":\"required name=search_term_string\"}],\"inLanguage\":\"de\"}]}<\/script>\n<!-- \/ Yoast SEO plugin. -->","yoast_head_json":{"title":"Suppression de compte SECURIPACK - SECURIPACK","robots":{"index":"index","follow":"follow","max-snippet":"max-snippet:-1","max-image-preview":"max-image-preview:large","max-video-preview":"max-video-preview:-1"},"canonical":"https:\/\/securipack.co\/de\/suppression-de-compte-securipack\/","og_locale":"de_DE","og_type":"article","og_title":"Suppression de compte SECURIPACK - SECURIPACK","og_url":"https:\/\/securipack.co\/de\/suppression-de-compte-securipack\/","og_site_name":"SECURIPACK","article_modified_time":"2023-12-05T09:31:09+00:00","twitter_card":"summary_large_image","twitter_misc":{"Gesch\u00e4tzte Lesezeit":"1\u00a0Minute"},"schema":{"@context":"https:\/\/schema.org","@graph":[{"@type":"WebPage","@id":"https:\/\/securipack.co\/suppression-de-compte-securipack\/","url":"https:\/\/securipack.co\/suppression-de-compte-securipack\/","name":"Suppression de compte SECURIPACK - SECURIPACK","isPartOf":{"@id":"https:\/\/securipack.co\/#website"},"datePublished":"2023-12-04T09:32:36+00:00","dateModified":"2023-12-05T09:31:09+00:00","inLanguage":"de","potentialAction":[{"@type":"ReadAction","target":["https:\/\/securipack.co\/suppression-de-compte-securipack\/"]}]},{"@type":"WebSite","@id":"https:\/\/securipack.co\/#website","url":"https:\/\/securipack.co\/","name":"SECURIPACK","description":"DISPOSITIF COMPLET DE S\u00c9CURISATION DU CONDUCTEUR 24H\/24","potentialAction":[{"@type":"SearchAction","target":{"@type":"EntryPoint","urlTemplate":"https:\/\/securipack.co\/?s={search_term_string}"},"query-input":"required name=search_term_string"}],"inLanguage":"de"}]}},"uagb_featured_image_src":{"full":false,"thumbnail":false,"medium":false,"medium_large":false,"large":false,"1536x1536":false,"2048x2048":false,"trp-custom-language-flag":false},"uagb_author_info":{"display_name":"Camaleon","author_link":"https:\/\/securipack.co\/de\/author\/camaleon\/"},"uagb_comment_info":0,"uagb_excerpt":null,"_links":{"self":[{"href":"https:\/\/securipack.co\/de\/wp-json\/wp\/v2\/pages\/4022"}],"collection":[{"href":"https:\/\/securipack.co\/de\/wp-json\/wp\/v2\/pages"}],"about":[{"href":"https:\/\/securipack.co\/de\/wp-json\/wp\/v2\/types\/page"}],"author":[{"embeddable":true,"href":"https:\/\/securipack.co\/de\/wp-json\/wp\/v2\/users\/12"}],"replies":[{"embeddable":true,"href":"https:\/\/securipack.co\/de\/wp-json\/wp\/v2\/comments?post=4022"}],"version-history":[{"count":5,"href":"https:\/\/securipack.co\/de\/wp-json\/wp\/v2\/pages\/4022\/revisions"}],"predecessor-version":[{"id":4041,"href":"https:\/\/securipack.co\/de\/wp-json\/wp\/v2\/pages\/4022\/revisions\/4041"}],"wp:attachment":[{"href":"https:\/\/securipack.co\/de\/wp-json\/wp\/v2\/media?parent=4022"}],"curies":[{"name":"wp","href":"https:\/\/api.w.org\/{rel}","templated":true}]}}